{"id":83,"date":"2018-08-29T15:53:40","date_gmt":"2018-08-29T18:53:40","guid":{"rendered":"http:\/\/127.0.0.1\/SRV\/nef\/palazzomoveis.com.br\/2018\/wordpress\/?page_id=83"},"modified":"2018-10-08T15:35:46","modified_gmt":"2018-10-08T18:35:46","slug":"ceo","status":"publish","type":"page","link":"https:\/\/www.palazzomoveis.com.br\/wp_palazzo\/moveis\/ceo\/","title":{"rendered":"Ceo"},"content":{"rendered":"<h2><strong>LINHA PARA ESCRIT\u00d3RIO CEO <\/strong><\/h2>\n<p>Mesas e arm\u00e1rios desenvolvidos exclusivamente para ambientes de diretoria, dispon\u00edveis em diversas configura\u00e7\u00f5es que, al\u00e9m de atender todas as necessidades do usu\u00e1rio, comp\u00f5em ambientes finos e requintados.<\/p>\n<p>Tampo e p\u00e9s painel em MDP com espessura de 54mm e acabamento em fita de PVC 1mm.<\/p>\n<div class='white' style='background:rgba(0,0,0,0); border:solid 0px rgba(0,0,0,0); border-radius:0px; padding:0px 0px 0px 0px;'>\n<div id='slider_725' class='owl-carousel sa_owl_theme owl-pagination-true autohide-arrows' data-slider-id='slider_725' style='visibility:hidden;'>\n<div id='slider_725_slide01' class='sa_hover_container' style='padding:0% 0%; margin:0px 0%; min-height:380px; '><img fetchpriority=\"high\" decoding=\"async\" src=\"http:\/\/www.palazzomoveis.com.br\/wp_palazzo\/wp-content\/uploads\/2018\/09\/1-3.jpg\" alt=\"\" width=\"1138\" height=\"380\" class=\"alignnone size-full wp-image-727\" srcset=\"https:\/\/www.palazzomoveis.com.br\/wp_palazzo\/wp-content\/uploads\/2018\/09\/1-3.jpg 1138w, https:\/\/www.palazzomoveis.com.br\/wp_palazzo\/wp-content\/uploads\/2018\/09\/1-3-300x100.jpg 300w, https:\/\/www.palazzomoveis.com.br\/wp_palazzo\/wp-content\/uploads\/2018\/09\/1-3-768x256.jpg 768w, https:\/\/www.palazzomoveis.com.br\/wp_palazzo\/wp-content\/uploads\/2018\/09\/1-3-1024x342.jpg 1024w, https:\/\/www.palazzomoveis.com.br\/wp_palazzo\/wp-content\/uploads\/2018\/09\/1-3-500x167.jpg 500w, https:\/\/www.palazzomoveis.com.br\/wp_palazzo\/wp-content\/uploads\/2018\/09\/1-3-150x50.jpg 150w\" sizes=\"(max-width: 1138px) 100vw, 1138px\" \/><\/div>\n<div id='slider_725_slide02' class='sa_hover_container' style='padding:0% 0%; margin:0px 0%; min-height:380px; '><img decoding=\"async\" src=\"http:\/\/www.palazzomoveis.com.br\/wp_palazzo\/wp-content\/uploads\/2018\/09\/2-3.jpg\" alt=\"\" width=\"1138\" height=\"380\" class=\"alignnone size-full wp-image-728\" srcset=\"https:\/\/www.palazzomoveis.com.br\/wp_palazzo\/wp-content\/uploads\/2018\/09\/2-3.jpg 1138w, https:\/\/www.palazzomoveis.com.br\/wp_palazzo\/wp-content\/uploads\/2018\/09\/2-3-300x100.jpg 300w, https:\/\/www.palazzomoveis.com.br\/wp_palazzo\/wp-content\/uploads\/2018\/09\/2-3-768x256.jpg 768w, https:\/\/www.palazzomoveis.com.br\/wp_palazzo\/wp-content\/uploads\/2018\/09\/2-3-1024x342.jpg 1024w, https:\/\/www.palazzomoveis.com.br\/wp_palazzo\/wp-content\/uploads\/2018\/09\/2-3-500x167.jpg 500w, https:\/\/www.palazzomoveis.com.br\/wp_palazzo\/wp-content\/uploads\/2018\/09\/2-3-150x50.jpg 150w\" sizes=\"(max-width: 1138px) 100vw, 1138px\" \/><\/div>\n<div id='slider_725_slide03' class='sa_hover_container' style='padding:0% 0%; margin:0px 0%; min-height:380px; '><img decoding=\"async\" src=\"http:\/\/www.palazzomoveis.com.br\/wp_palazzo\/wp-content\/uploads\/2018\/09\/3-3.jpg\" alt=\"\" width=\"1138\" height=\"380\" class=\"alignnone size-full wp-image-729\" srcset=\"https:\/\/www.palazzomoveis.com.br\/wp_palazzo\/wp-content\/uploads\/2018\/09\/3-3.jpg 1138w, https:\/\/www.palazzomoveis.com.br\/wp_palazzo\/wp-content\/uploads\/2018\/09\/3-3-300x100.jpg 300w, https:\/\/www.palazzomoveis.com.br\/wp_palazzo\/wp-content\/uploads\/2018\/09\/3-3-768x256.jpg 768w, https:\/\/www.palazzomoveis.com.br\/wp_palazzo\/wp-content\/uploads\/2018\/09\/3-3-1024x342.jpg 1024w, https:\/\/www.palazzomoveis.com.br\/wp_palazzo\/wp-content\/uploads\/2018\/09\/3-3-500x167.jpg 500w, https:\/\/www.palazzomoveis.com.br\/wp_palazzo\/wp-content\/uploads\/2018\/09\/3-3-150x50.jpg 150w\" sizes=\"(max-width: 1138px) 100vw, 1138px\" \/><\/div>\n<\/div>\n<\/div>\n<script type='text\/javascript'>\n\tjQuery(document).ready(function() {\n\t\tjQuery('#slider_725').owlCarousel({\n\t\t\titems : 1,\n\t\t\tsmartSpeed : 200,\n\t\t\tautoplay : true,\n\t\t\tautoplayTimeout : 5000,\n\t\t\tautoplayHoverPause : true,\n\t\t\tsmartSpeed : 200,\n\t\t\tfluidSpeed : 200,\n\t\t\tautoplaySpeed : 200,\n\t\t\tnavSpeed : 200,\n\t\t\tdotsSpeed : 200,\n\t\t\tloop : true,\n\t\t\tnav : true,\n\t\t\tnavText : ['Previous','Next'],\n\t\t\tdots : true,\n\t\t\tresponsiveRefreshRate : 200,\n\t\t\tslideBy : 1,\n\t\t\tmergeFit : true,\n\t\t\tautoHeight : false,\n\t\t\tmouseDrag : true,\n\t\t\ttouchDrag : true\n\t\t});\n\t\tjQuery('#slider_725').css('visibility', 'visible');\n\t\tvar owl_goto = jQuery('#slider_725');\n\t\tjQuery('.slider_725_goto1').click(function(event){\n\t\t\towl_goto.trigger('to.owl.carousel', 0);\n\t\t});\n\t\tjQuery('.slider_725_goto2').click(function(event){\n\t\t\towl_goto.trigger('to.owl.carousel', 1);\n\t\t});\n\t\tjQuery('.slider_725_goto3').click(function(event){\n\t\t\towl_goto.trigger('to.owl.carousel', 2);\n\t\t});\n\t\tvar resize_725 = jQuery('.owl-carousel');\n\t\tresize_725.on('initialized.owl.carousel', function(e) {\n\t\t\tif (typeof(Event) === 'function') {\n\t\t\t\twindow.dispatchEvent(new Event('resize'));\n\t\t\t} else {\n\t\t\t\tvar evt = window.document.createEvent('UIEvents');\n\t\t\t\tevt.initUIEvent('resize', true, false, window, 0);\n\t\t\t\twindow.dispatchEvent(evt);\n\t\t\t}\n\t\t});\n\t});\n<\/script>\n\n<p><a href=\"javascript:void(0)\" id=\"show-gallery\" class=\"btn btn-default btn-galleries\">VER LINHAS<\/a><a href=\"http:\/\/www.palazzomoveis.com.br\/wp_palazzo\/orcamento?produto=Linha CEO\" id=\"show-gallery\" class=\"btn btn-default btn-galleries pull-right\">SOLICITAR OR\u00c7AMENTO<\/a><\/p>\n<div class=\"gallery-thumbs\">&nbsp;<\/p>\n<h4>Arm\u00e1rios<\/h4>\n<div class=\"rl-gallery-container rl-loading\" id=\"rl-gallery-container-1\" data-gallery_id=\"150\"> <div class=\"rl-gallery rl-basicgrid-gallery rl-hover-effect-1 rl-hover-icon-2\" id=\"rl-gallery-1\" data-gallery_no=\"1\"> <div class=\"rl-gallery-item\"><a href=\"https:\/\/www.palazzomoveis.com.br\/wp_palazzo\/wp-content\/uploads\/2018\/08\/ARMARIO-MEDIO-SIMPLES-COM-2-PORTAS-DE-CORRER-E-NICHOS-LATERAIS-E-NICHO-PARA-FRIGOBAR.jpg\" title=\"\" data-rl_title=\"\" class=\"rl-gallery-link\" data-rl_caption=\"\" data-rel=\"lightbox-gallery-1\"><img loading=\"lazy\" decoding=\"async\" src=\"https:\/\/www.palazzomoveis.com.br\/wp_palazzo\/wp-content\/uploads\/2018\/08\/ARMARIO-MEDIO-SIMPLES-COM-2-PORTAS-DE-CORRER-E-NICHOS-LATERAIS-E-NICHO-PARA-FRIGOBAR-300x169.jpg\" width=\"300\" height=\"169\" alt=\"\" \/><span class=\"rl-gallery-caption\"><span class=\"rl-gallery-item-title\">ARMARIO-MEDIO-SIMPLES-COM-2-PORTAS-DE-CORRER-E-NICHOS-LATERAIS-E-NICHO-PARA-FRIGOBAR<\/span><\/span><\/a><\/div><div class=\"rl-gallery-item\"><a href=\"https:\/\/www.palazzomoveis.com.br\/wp_palazzo\/wp-content\/uploads\/2018\/08\/ARMARIO-MEDIO-SIMPLES-COM-2-PORTAS-DE-CORRER-E-NICHO-PARA-FRIGOBAR.jpg\" title=\"\" data-rl_title=\"\" class=\"rl-gallery-link\" data-rl_caption=\"\" data-rel=\"lightbox-gallery-1\"><img loading=\"lazy\" decoding=\"async\" src=\"https:\/\/www.palazzomoveis.com.br\/wp_palazzo\/wp-content\/uploads\/2018\/08\/ARMARIO-MEDIO-SIMPLES-COM-2-PORTAS-DE-CORRER-E-NICHO-PARA-FRIGOBAR-300x169.jpg\" width=\"300\" height=\"169\" alt=\"\" \/><span class=\"rl-gallery-caption\"><span class=\"rl-gallery-item-title\">ARMARIO-MEDIO-SIMPLES-COM-2-PORTAS-DE-CORRER-E-NICHO-PARA-FRIGOBAR<\/span><\/span><\/a><\/div><div class=\"rl-gallery-item\"><a href=\"https:\/\/www.palazzomoveis.com.br\/wp_palazzo\/wp-content\/uploads\/2018\/08\/ARMARIO-MEDIO-DUPLO-COM-4-PORTAS-DE-CORRER-E-NICHO-PARA-FRIGOBAR.jpg\" title=\"\" data-rl_title=\"\" class=\"rl-gallery-link\" data-rl_caption=\"\" data-rel=\"lightbox-gallery-1\"><img loading=\"lazy\" decoding=\"async\" src=\"https:\/\/www.palazzomoveis.com.br\/wp_palazzo\/wp-content\/uploads\/2018\/08\/ARMARIO-MEDIO-DUPLO-COM-4-PORTAS-DE-CORRER-E-NICHO-PARA-FRIGOBAR-300x169.jpg\" width=\"300\" height=\"169\" alt=\"\" \/><span class=\"rl-gallery-caption\"><span class=\"rl-gallery-item-title\">ARMARIO-MEDIO-DUPLO-COM-4-PORTAS-DE-CORRER-E-NICHO-PARA-FRIGOBAR<\/span><\/span><\/a><\/div><div class=\"rl-gallery-item\"><a href=\"https:\/\/www.palazzomoveis.com.br\/wp_palazzo\/wp-content\/uploads\/2018\/08\/ARMARIO-SUSPENSO-COM-2-PORTAS-DE-CORRER.jpg\" title=\"\" data-rl_title=\"\" class=\"rl-gallery-link\" data-rl_caption=\"\" data-rel=\"lightbox-gallery-1\"><img loading=\"lazy\" decoding=\"async\" src=\"https:\/\/www.palazzomoveis.com.br\/wp_palazzo\/wp-content\/uploads\/2018\/08\/ARMARIO-SUSPENSO-COM-2-PORTAS-DE-CORRER-300x169.jpg\" width=\"300\" height=\"169\" alt=\"\" \/><span class=\"rl-gallery-caption\"><span class=\"rl-gallery-item-title\">ARMARIO-SUSPENSO-COM-2-PORTAS-DE-CORRER<\/span><\/span><\/a><\/div><div class=\"rl-gallery-item\"><a href=\"https:\/\/www.palazzomoveis.com.br\/wp_palazzo\/wp-content\/uploads\/2018\/08\/ARMARIO-SUSPENSO-COM-1-PORTA-DE-CORRER.jpg\" title=\"\" data-rl_title=\"\" class=\"rl-gallery-link\" data-rl_caption=\"\" data-rel=\"lightbox-gallery-1\"><img loading=\"lazy\" decoding=\"async\" src=\"https:\/\/www.palazzomoveis.com.br\/wp_palazzo\/wp-content\/uploads\/2018\/08\/ARMARIO-SUSPENSO-COM-1-PORTA-DE-CORRER-300x169.jpg\" width=\"300\" height=\"169\" alt=\"\" \/><span class=\"rl-gallery-caption\"><span class=\"rl-gallery-item-title\">ARMARIO-SUSPENSO-COM-1-PORTA-DE-CORRER<\/span><\/span><\/a><\/div><div class=\"rl-gallery-item\"><a href=\"https:\/\/www.palazzomoveis.com.br\/wp_palazzo\/wp-content\/uploads\/2018\/08\/ARMARIO-SUSPENSO-ABERTO-SIMPLES.jpg\" title=\"\" data-rl_title=\"\" class=\"rl-gallery-link\" data-rl_caption=\"\" data-rel=\"lightbox-gallery-1\"><img loading=\"lazy\" decoding=\"async\" src=\"https:\/\/www.palazzomoveis.com.br\/wp_palazzo\/wp-content\/uploads\/2018\/08\/ARMARIO-SUSPENSO-ABERTO-SIMPLES-300x169.jpg\" width=\"300\" height=\"169\" alt=\"\" \/><span class=\"rl-gallery-caption\"><span class=\"rl-gallery-item-title\">ARMARIO-SUSPENSO-ABERTO-SIMPLES<\/span><\/span><\/a><\/div><div class=\"rl-gallery-item\"><a href=\"https:\/\/www.palazzomoveis.com.br\/wp_palazzo\/wp-content\/uploads\/2018\/08\/ARMARIO-SUSPENSO-ABERTO-COM-TAMPONAMENTO.jpg\" title=\"\" data-rl_title=\"\" class=\"rl-gallery-link\" data-rl_caption=\"\" data-rel=\"lightbox-gallery-1\"><img loading=\"lazy\" decoding=\"async\" src=\"https:\/\/www.palazzomoveis.com.br\/wp_palazzo\/wp-content\/uploads\/2018\/08\/ARMARIO-SUSPENSO-ABERTO-COM-TAMPONAMENTO-300x169.jpg\" width=\"300\" height=\"169\" alt=\"\" \/><span class=\"rl-gallery-caption\"><span class=\"rl-gallery-item-title\">ARMARIO-SUSPENSO-ABERTO-COM-TAMPONAMENTO<\/span><\/span><\/a><\/div><div class=\"rl-gallery-item\"><a href=\"https:\/\/www.palazzomoveis.com.br\/wp_palazzo\/wp-content\/uploads\/2018\/08\/ARMARIO-BAIXO-SIMPLES-COM-2-PORTAS-DE-CORRER-E-NICHOS-LATERAIS-E-NICHO-PARA-FRIGOBAR.jpg\" title=\"\" data-rl_title=\"\" class=\"rl-gallery-link\" data-rl_caption=\"\" data-rel=\"lightbox-gallery-1\"><img loading=\"lazy\" decoding=\"async\" src=\"https:\/\/www.palazzomoveis.com.br\/wp_palazzo\/wp-content\/uploads\/2018\/08\/ARMARIO-BAIXO-SIMPLES-COM-2-PORTAS-DE-CORRER-E-NICHOS-LATERAIS-E-NICHO-PARA-FRIGOBAR-300x169.jpg\" width=\"300\" height=\"169\" alt=\"\" \/><span class=\"rl-gallery-caption\"><span class=\"rl-gallery-item-title\">ARMARIO-BAIXO-SIMPLES-COM-2-PORTAS-DE-CORRER-E-NICHOS-LATERAIS-E-NICHO-PARA-FRIGOBAR<\/span><\/span><\/a><\/div><div class=\"rl-gallery-item\"><a href=\"https:\/\/www.palazzomoveis.com.br\/wp_palazzo\/wp-content\/uploads\/2018\/08\/ARMARIO-BAIXO-SIMPLES-COM-2-PORTAS-DE-CORRER-E-NICHOS-LATERAIS.jpg\" title=\"\" data-rl_title=\"\" class=\"rl-gallery-link\" data-rl_caption=\"\" data-rel=\"lightbox-gallery-1\"><img loading=\"lazy\" decoding=\"async\" src=\"https:\/\/www.palazzomoveis.com.br\/wp_palazzo\/wp-content\/uploads\/2018\/08\/ARMARIO-BAIXO-SIMPLES-COM-2-PORTAS-DE-CORRER-E-NICHOS-LATERAIS-300x169.jpg\" width=\"300\" height=\"169\" alt=\"\" \/><span class=\"rl-gallery-caption\"><span class=\"rl-gallery-item-title\">ARMARIO-BAIXO-SIMPLES-COM-2-PORTAS-DE-CORRER-E-NICHOS-LATERAIS<\/span><\/span><\/a><\/div><div class=\"rl-gallery-item\"><a href=\"https:\/\/www.palazzomoveis.com.br\/wp_palazzo\/wp-content\/uploads\/2018\/08\/ARMARIO-BAIXO-SIMPLES-COM-2-PORTAS-DE-CORRER-E-NICHO-PARA-FRIGOBAR.jpg\" title=\"\" data-rl_title=\"\" class=\"rl-gallery-link\" data-rl_caption=\"\" data-rel=\"lightbox-gallery-1\"><img loading=\"lazy\" decoding=\"async\" src=\"https:\/\/www.palazzomoveis.com.br\/wp_palazzo\/wp-content\/uploads\/2018\/08\/ARMARIO-BAIXO-SIMPLES-COM-2-PORTAS-DE-CORRER-E-NICHO-PARA-FRIGOBAR-300x169.jpg\" width=\"300\" height=\"169\" alt=\"\" \/><span class=\"rl-gallery-caption\"><span class=\"rl-gallery-item-title\">ARMARIO-BAIXO-SIMPLES-COM-2-PORTAS-DE-CORRER-E-NICHO-PARA-FRIGOBAR<\/span><\/span><\/a><\/div><div class=\"rl-gallery-item\"><a href=\"https:\/\/www.palazzomoveis.com.br\/wp_palazzo\/wp-content\/uploads\/2018\/08\/ARMARIO-BAIXO-SIMPLES-COM-2-PORTAS-DE-CORRER.jpg\" title=\"\" data-rl_title=\"\" class=\"rl-gallery-link\" data-rl_caption=\"\" data-rel=\"lightbox-gallery-1\"><img loading=\"lazy\" decoding=\"async\" src=\"https:\/\/www.palazzomoveis.com.br\/wp_palazzo\/wp-content\/uploads\/2018\/08\/ARMARIO-BAIXO-SIMPLES-COM-2-PORTAS-DE-CORRER-300x169.jpg\" width=\"300\" height=\"169\" alt=\"\" \/><span class=\"rl-gallery-caption\"><span class=\"rl-gallery-item-title\">ARMARIO-BAIXO-SIMPLES-COM-2-PORTAS-DE-CORRER<\/span><\/span><\/a><\/div><div class=\"rl-gallery-item\"><a href=\"https:\/\/www.palazzomoveis.com.br\/wp_palazzo\/wp-content\/uploads\/2018\/08\/ARMARIO-BAIXO-DUPLO-COM-4-PORTAS-DE-CORRER-E-NICHO-PARA-FRIGOBAR.jpg\" title=\"\" data-rl_title=\"\" class=\"rl-gallery-link\" data-rl_caption=\"\" data-rel=\"lightbox-gallery-1\"><img loading=\"lazy\" decoding=\"async\" src=\"https:\/\/www.palazzomoveis.com.br\/wp_palazzo\/wp-content\/uploads\/2018\/08\/ARMARIO-BAIXO-DUPLO-COM-4-PORTAS-DE-CORRER-E-NICHO-PARA-FRIGOBAR-300x169.jpg\" width=\"300\" height=\"169\" alt=\"\" \/><span class=\"rl-gallery-caption\"><span class=\"rl-gallery-item-title\">ARMARIO-BAIXO-DUPLO-COM-4-PORTAS-DE-CORRER-E-NICHO-PARA-FRIGOBAR<\/span><\/span><\/a><\/div> <\/div> <\/div>\n<h4>Mesas<\/h4>\n<div class=\"rl-gallery-container rl-loading\" id=\"rl-gallery-container-2\" data-gallery_id=\"153\"> <div class=\"rl-gallery rl-basicgrid-gallery rl-hover-effect-1 rl-hover-icon-2\" id=\"rl-gallery-2\" data-gallery_no=\"2\"> <div class=\"rl-gallery-item\"><a href=\"https:\/\/www.palazzomoveis.com.br\/wp_palazzo\/wp-content\/uploads\/2018\/08\/MESA-AUXILIAR-COM-PE-PAINEL.jpg\" title=\"\" data-rl_title=\"\" class=\"rl-gallery-link\" data-rl_caption=\"\" data-rel=\"lightbox-gallery-2\"><img loading=\"lazy\" decoding=\"async\" src=\"https:\/\/www.palazzomoveis.com.br\/wp_palazzo\/wp-content\/uploads\/2018\/08\/MESA-AUXILIAR-COM-PE-PAINEL-300x169.jpg\" width=\"300\" height=\"169\" alt=\"\" \/><span class=\"rl-gallery-caption\"><span class=\"rl-gallery-item-title\">MESA-AUXILIAR-COM-PE-PAINEL<\/span><\/span><\/a><\/div><div class=\"rl-gallery-item\"><a href=\"https:\/\/www.palazzomoveis.com.br\/wp_palazzo\/wp-content\/uploads\/2018\/08\/MESA-COM-PE-PAINEL-E-ARMARIO-LATERAL-COM-NICHO-ABERTO-PARA-CPU.jpg\" title=\"\" data-rl_title=\"\" class=\"rl-gallery-link\" data-rl_caption=\"\" data-rel=\"lightbox-gallery-2\"><img loading=\"lazy\" decoding=\"async\" src=\"https:\/\/www.palazzomoveis.com.br\/wp_palazzo\/wp-content\/uploads\/2018\/08\/MESA-COM-PE-PAINEL-E-ARMARIO-LATERAL-COM-NICHO-ABERTO-PARA-CPU-300x169.jpg\" width=\"300\" height=\"169\" alt=\"\" \/><span class=\"rl-gallery-caption\"><span class=\"rl-gallery-item-title\">MESA-COM-PE-PAINEL-E-ARMARIO-LATERAL-COM-NICHO-ABERTO-PARA-CPU<\/span><\/span><\/a><\/div><div class=\"rl-gallery-item\"><a href=\"https:\/\/www.palazzomoveis.com.br\/wp_palazzo\/wp-content\/uploads\/2018\/08\/MESA-COM-PE-PAINEL-E-ARMARIO-LATERAL-COM-NICHO-CPU-INTERNO.jpg\" title=\"\" data-rl_title=\"\" class=\"rl-gallery-link\" data-rl_caption=\"\" data-rel=\"lightbox-gallery-2\"><img loading=\"lazy\" decoding=\"async\" src=\"https:\/\/www.palazzomoveis.com.br\/wp_palazzo\/wp-content\/uploads\/2018\/08\/MESA-COM-PE-PAINEL-E-ARMARIO-LATERAL-COM-NICHO-CPU-INTERNO-300x169.jpg\" width=\"300\" height=\"169\" alt=\"\" \/><span class=\"rl-gallery-caption\"><span class=\"rl-gallery-item-title\">MESA-COM-PE-PAINEL-E-ARMARIO-LATERAL-COM-NICHO-CPU-INTERNO<\/span><\/span><\/a><\/div> <\/div> <\/div><\/div>\n","protected":false},"excerpt":{"rendered":"<p>LINHA PARA ESCRIT\u00d3RIO CEO Mesas e arm\u00e1rios desenvolvidos exclusivamente para ambientes de diretoria, dispon\u00edveis em diversas configura\u00e7\u00f5es que, al\u00e9m de atender todas as necessidades do usu\u00e1rio, comp\u00f5em ambientes finos e requintados. Tampo e p\u00e9s painel em MDP com espessura de 54mm e acabamento em fita de PVC 1mm. VER LINHASSOLICITAR OR\u00c7AMENTO &nbsp; Arm\u00e1rios Mesas<\/p>\n","protected":false},"author":1,"featured_media":27,"parent":38,"menu_order":0,"comment_status":"closed","ping_status":"closed","template":"page-produtos.php","meta":{"_acf_changed":false,"footnotes":""},"class_list":["post-83","page","type-page","status-publish","has-post-thumbnail","hentry"],"acf":[],"_links":{"self":[{"href":"https:\/\/www.palazzomoveis.com.br\/wp_palazzo\/wp-json\/wp\/v2\/pages\/83","targetHints":{"allow":["GET"]}}],"collection":[{"href":"https:\/\/www.palazzomoveis.com.br\/wp_palazzo\/wp-json\/wp\/v2\/pages"}],"about":[{"href":"https:\/\/www.palazzomoveis.com.br\/wp_palazzo\/wp-json\/wp\/v2\/types\/page"}],"author":[{"embeddable":true,"href":"https:\/\/www.palazzomoveis.com.br\/wp_palazzo\/wp-json\/wp\/v2\/users\/1"}],"replies":[{"embeddable":true,"href":"https:\/\/www.palazzomoveis.com.br\/wp_palazzo\/wp-json\/wp\/v2\/comments?post=83"}],"version-history":[{"count":18,"href":"https:\/\/www.palazzomoveis.com.br\/wp_palazzo\/wp-json\/wp\/v2\/pages\/83\/revisions"}],"predecessor-version":[{"id":806,"href":"https:\/\/www.palazzomoveis.com.br\/wp_palazzo\/wp-json\/wp\/v2\/pages\/83\/revisions\/806"}],"up":[{"embeddable":true,"href":"https:\/\/www.palazzomoveis.com.br\/wp_palazzo\/wp-json\/wp\/v2\/pages\/38"}],"wp:featuredmedia":[{"embeddable":true,"href":"https:\/\/www.palazzomoveis.com.br\/wp_palazzo\/wp-json\/wp\/v2\/media\/27"}],"wp:attachment":[{"href":"https:\/\/www.palazzomoveis.com.br\/wp_palazzo\/wp-json\/wp\/v2\/media?parent=83"}],"curies":[{"name":"wp","href":"https:\/\/api.w.org\/{rel}","templated":true}]}}