{"id":40,"date":"2018-08-29T11:45:13","date_gmt":"2018-08-29T14:45:13","guid":{"rendered":"http:\/\/127.0.0.1\/SRV\/nef\/palazzomoveis.com.br\/2018\/wordpress\/?page_id=40"},"modified":"2020-03-11T09:13:25","modified_gmt":"2020-03-11T12:13:25","slug":"projetos","status":"publish","type":"page","link":"https:\/\/www.palazzomoveis.com.br\/wp_palazzo\/projetos\/","title":{"rendered":"Projetos"},"content":{"rendered":"\t\t<div data-elementor-type=\"wp-page\" data-elementor-id=\"40\" class=\"elementor elementor-40\">\n\t\t\t\t\t\t<section class=\"elementor-section elementor-top-section elementor-element elementor-element-38309c99 elementor-section-boxed elementor-section-height-default elementor-section-height-default\" data-id=\"38309c99\" data-element_type=\"section\">\n\t\t\t\t\t\t<div class=\"elementor-container elementor-column-gap-default\">\n\t\t\t\t\t<div class=\"elementor-column elementor-col-100 elementor-top-column elementor-element elementor-element-2a17264c\" data-id=\"2a17264c\" data-element_type=\"column\">\n\t\t\t<div class=\"elementor-widget-wrap elementor-element-populated\">\n\t\t\t\t\t\t<div class=\"elementor-element elementor-element-2a50c4d7 elementor-widget elementor-widget-text-editor\" data-id=\"2a50c4d7\" data-element_type=\"widget\" data-widget_type=\"text-editor.default\">\n\t\t\t\t<div class=\"elementor-widget-container\">\n\t\t\t\t\t\t\t\t\t<p>Nossos profissionais s\u00e3o capacitados para lhe oferecer um atendimento personalizado.<\/p><p>Desenvolvemos o seu projeto sem compromisso ou custos adicionais, apresentando solu\u00e7\u00f5es de layout, dimens\u00f5es e funcionalidade de acordo com as necessidades da sua empresa.<\/p><p><a id=\"show-gallery\" class=\"btn btn-default btn-galleries pull-right\" href=\"http:\/\/www.palazzomoveis.com.br\/orcamento\/\">SOLICITAR OR\u00c7AMENTO<\/a><\/p><p><div class=\"rl-gallery-container rl-loading\" id=\"rl-gallery-container-1\" data-gallery_id=\"674\"> <div class=\"rl-gallery rl-basicgrid-gallery rl-hover-effect-1 rl-hover-icon-2\" id=\"rl-gallery-1\" data-gallery_no=\"1\"> <div class=\"rl-gallery-item\"><a href=\"https:\/\/www.palazzomoveis.com.br\/wp_palazzo\/wp-content\/uploads\/2018\/09\/02.jpg\" title=\"\" data-rl_title=\"\" class=\"rl-gallery-link\" data-rl_caption=\"\" data-rel=\"lightbox-gallery-1\"><img fetchpriority=\"high\" decoding=\"async\" src=\"https:\/\/www.palazzomoveis.com.br\/wp_palazzo\/wp-content\/uploads\/2018\/09\/02-300x194.jpg\" width=\"300\" height=\"194\" alt=\"\" \/><\/a><\/div><div class=\"rl-gallery-item\"><a href=\"https:\/\/www.palazzomoveis.com.br\/wp_palazzo\/wp-content\/uploads\/2018\/09\/salao_geral_2.jpg\" title=\"\" data-rl_title=\"\" class=\"rl-gallery-link\" data-rl_caption=\"\" data-rel=\"lightbox-gallery-1\"><img decoding=\"async\" src=\"https:\/\/www.palazzomoveis.com.br\/wp_palazzo\/wp-content\/uploads\/2018\/09\/salao_geral_2-300x194.jpg\" width=\"300\" height=\"194\" alt=\"\" \/><\/a><\/div><div class=\"rl-gallery-item\"><a href=\"https:\/\/www.palazzomoveis.com.br\/wp_palazzo\/wp-content\/uploads\/2018\/09\/reuniao_03.jpg\" title=\"\" data-rl_title=\"\" class=\"rl-gallery-link\" data-rl_caption=\"\" data-rel=\"lightbox-gallery-1\"><img decoding=\"async\" src=\"https:\/\/www.palazzomoveis.com.br\/wp_palazzo\/wp-content\/uploads\/2018\/09\/reuniao_03-300x194.jpg\" width=\"300\" height=\"194\" alt=\"\" \/><\/a><\/div><div class=\"rl-gallery-item\"><a href=\"https:\/\/www.palazzomoveis.com.br\/wp_palazzo\/wp-content\/uploads\/2018\/09\/render.jpg\" title=\"\" data-rl_title=\"\" class=\"rl-gallery-link\" data-rl_caption=\"\" data-rel=\"lightbox-gallery-1\"><img loading=\"lazy\" decoding=\"async\" src=\"https:\/\/www.palazzomoveis.com.br\/wp_palazzo\/wp-content\/uploads\/2018\/09\/render-300x194.jpg\" width=\"300\" height=\"194\" alt=\"\" \/><\/a><\/div><div class=\"rl-gallery-item\"><a href=\"https:\/\/www.palazzomoveis.com.br\/wp_palazzo\/wp-content\/uploads\/2018\/09\/opcao_1_1.jpg\" title=\"\" data-rl_title=\"\" class=\"rl-gallery-link\" data-rl_caption=\"\" data-rel=\"lightbox-gallery-1\"><img loading=\"lazy\" decoding=\"async\" src=\"https:\/\/www.palazzomoveis.com.br\/wp_palazzo\/wp-content\/uploads\/2018\/09\/opcao_1_1-300x194.jpg\" width=\"300\" height=\"194\" alt=\"\" \/><\/a><\/div><div class=\"rl-gallery-item\"><a href=\"https:\/\/www.palazzomoveis.com.br\/wp_palazzo\/wp-content\/uploads\/2018\/09\/adm_01.jpg\" title=\"\" data-rl_title=\"\" class=\"rl-gallery-link\" data-rl_caption=\"\" data-rel=\"lightbox-gallery-1\"><img loading=\"lazy\" decoding=\"async\" src=\"https:\/\/www.palazzomoveis.com.br\/wp_palazzo\/wp-content\/uploads\/2018\/09\/adm_01-300x194.jpg\" width=\"300\" height=\"194\" alt=\"\" \/><\/a><\/div><div class=\"rl-gallery-item\"><a href=\"https:\/\/www.palazzomoveis.com.br\/wp_palazzo\/wp-content\/uploads\/2018\/09\/024.jpg\" title=\"\" data-rl_title=\"\" class=\"rl-gallery-link\" data-rl_caption=\"\" data-rel=\"lightbox-gallery-1\"><img loading=\"lazy\" decoding=\"async\" src=\"https:\/\/www.palazzomoveis.com.br\/wp_palazzo\/wp-content\/uploads\/2018\/09\/024-300x194.jpg\" width=\"300\" height=\"194\" alt=\"\" \/><\/a><\/div><div class=\"rl-gallery-item\"><a href=\"https:\/\/www.palazzomoveis.com.br\/wp_palazzo\/wp-content\/uploads\/2018\/09\/022.jpg\" title=\"\" data-rl_title=\"\" class=\"rl-gallery-link\" data-rl_caption=\"\" data-rel=\"lightbox-gallery-1\"><img loading=\"lazy\" decoding=\"async\" src=\"https:\/\/www.palazzomoveis.com.br\/wp_palazzo\/wp-content\/uploads\/2018\/09\/022-300x194.jpg\" width=\"300\" height=\"194\" alt=\"\" \/><\/a><\/div><div class=\"rl-gallery-item\"><a href=\"https:\/\/www.palazzomoveis.com.br\/wp_palazzo\/wp-content\/uploads\/2018\/09\/013.jpg\" title=\"\" data-rl_title=\"\" class=\"rl-gallery-link\" data-rl_caption=\"\" data-rel=\"lightbox-gallery-1\"><img loading=\"lazy\" decoding=\"async\" src=\"https:\/\/www.palazzomoveis.com.br\/wp_palazzo\/wp-content\/uploads\/2018\/09\/013-300x194.jpg\" width=\"300\" height=\"194\" alt=\"\" \/><\/a><\/div><div class=\"rl-gallery-item\"><a href=\"https:\/\/www.palazzomoveis.com.br\/wp_palazzo\/wp-content\/uploads\/2018\/09\/012.jpg\" title=\"\" data-rl_title=\"\" class=\"rl-gallery-link\" data-rl_caption=\"\" data-rel=\"lightbox-gallery-1\"><img loading=\"lazy\" decoding=\"async\" src=\"https:\/\/www.palazzomoveis.com.br\/wp_palazzo\/wp-content\/uploads\/2018\/09\/012-300x194.jpg\" width=\"300\" height=\"194\" alt=\"\" \/><\/a><\/div><div class=\"rl-gallery-item\"><a href=\"https:\/\/www.palazzomoveis.com.br\/wp_palazzo\/wp-content\/uploads\/2018\/09\/011.jpg\" title=\"\" data-rl_title=\"\" class=\"rl-gallery-link\" data-rl_caption=\"\" data-rel=\"lightbox-gallery-1\"><img loading=\"lazy\" decoding=\"async\" src=\"https:\/\/www.palazzomoveis.com.br\/wp_palazzo\/wp-content\/uploads\/2018\/09\/011-300x194.jpg\" width=\"300\" height=\"194\" alt=\"\" \/><\/a><\/div> <\/div> <\/div><\/p>\t\t\t\t\t\t\t\t<\/div>\n\t\t\t\t<\/div>\n\t\t\t\t\t<\/div>\n\t\t<\/div>\n\t\t\t\t\t<\/div>\n\t\t<\/section>\n\t\t\t\t<\/div>\n\t\t","protected":false},"excerpt":{"rendered":"<p>Nossos profissionais s\u00e3o capacitados para lhe oferecer um atendimento personalizado. Desenvolvemos o seu projeto sem compromisso ou custos adicionais, apresentando solu\u00e7\u00f5es de layout, dimens\u00f5es e funcionalidade de acordo com as necessidades da sua empresa. SOLICITAR OR\u00c7AMENTO<\/p>\n","protected":false},"author":1,"featured_media":27,"parent":0,"menu_order":0,"comment_status":"closed","ping_status":"closed","template":"page-projetos.php","meta":{"_acf_changed":false,"footnotes":""},"class_list":["post-40","page","type-page","status-publish","has-post-thumbnail","hentry"],"acf":[],"_links":{"self":[{"href":"https:\/\/www.palazzomoveis.com.br\/wp_palazzo\/wp-json\/wp\/v2\/pages\/40","targetHints":{"allow":["GET"]}}],"collection":[{"href":"https:\/\/www.palazzomoveis.com.br\/wp_palazzo\/wp-json\/wp\/v2\/pages"}],"about":[{"href":"https:\/\/www.palazzomoveis.com.br\/wp_palazzo\/wp-json\/wp\/v2\/types\/page"}],"author":[{"embeddable":true,"href":"https:\/\/www.palazzomoveis.com.br\/wp_palazzo\/wp-json\/wp\/v2\/users\/1"}],"replies":[{"embeddable":true,"href":"https:\/\/www.palazzomoveis.com.br\/wp_palazzo\/wp-json\/wp\/v2\/comments?post=40"}],"version-history":[{"count":10,"href":"https:\/\/www.palazzomoveis.com.br\/wp_palazzo\/wp-json\/wp\/v2\/pages\/40\/revisions"}],"predecessor-version":[{"id":922,"href":"https:\/\/www.palazzomoveis.com.br\/wp_palazzo\/wp-json\/wp\/v2\/pages\/40\/revisions\/922"}],"wp:featuredmedia":[{"embeddable":true,"href":"https:\/\/www.palazzomoveis.com.br\/wp_palazzo\/wp-json\/wp\/v2\/media\/27"}],"wp:attachment":[{"href":"https:\/\/www.palazzomoveis.com.br\/wp_palazzo\/wp-json\/wp\/v2\/media?parent=40"}],"curies":[{"name":"wp","href":"https:\/\/api.w.org\/{rel}","templated":true}]}}