{"id":393,"date":"2018-09-12T15:30:50","date_gmt":"2018-09-12T18:30:50","guid":{"rendered":"http:\/\/www.palazzomoveis.com.br\/2018\/?page_id=393"},"modified":"2018-10-08T15:36:20","modified_gmt":"2018-10-08T18:36:20","slug":"lockers","status":"publish","type":"page","link":"https:\/\/www.palazzomoveis.com.br\/wp_palazzo\/moveis\/lockers\/","title":{"rendered":"Lockers"},"content":{"rendered":"<h2><strong>LINHA PARA ARMAZENAMENTO LOCKERS<\/strong><\/h2>\n<p>Arm\u00e1rios de armazenamento com fechadura que podem utilizados em escrit\u00f3rios, escolas e academias.<\/p>\n<p>Estrutura em MDP com espessura de 18mm, base tubular em a\u00e7o e portas dispon\u00edveis em a\u00e7o ou MDP.<\/p>\n<div class='white' style='background:rgba(0,0,0,0); border:solid 0px rgba(0,0,0,0); border-radius:0px; padding:0px 0px 0px 0px;'>\n<div id='slider_759' class='owl-carousel sa_owl_theme owl-pagination-true autohide-arrows' data-slider-id='slider_759' style='visibility:hidden;'>\n<div id='slider_759_slide01' class='sa_hover_container' style='padding:0% 0%; margin:0px 0%; min-height:50px; '><img fetchpriority=\"high\" decoding=\"async\" src=\"http:\/\/www.palazzomoveis.com.br\/wp_palazzo\/wp-content\/uploads\/2018\/09\/1-9.jpg\" alt=\"\" width=\"1138\" height=\"380\" class=\"alignnone size-full wp-image-762\" srcset=\"https:\/\/www.palazzomoveis.com.br\/wp_palazzo\/wp-content\/uploads\/2018\/09\/1-9.jpg 1138w, https:\/\/www.palazzomoveis.com.br\/wp_palazzo\/wp-content\/uploads\/2018\/09\/1-9-300x100.jpg 300w, https:\/\/www.palazzomoveis.com.br\/wp_palazzo\/wp-content\/uploads\/2018\/09\/1-9-768x256.jpg 768w, https:\/\/www.palazzomoveis.com.br\/wp_palazzo\/wp-content\/uploads\/2018\/09\/1-9-1024x342.jpg 1024w, https:\/\/www.palazzomoveis.com.br\/wp_palazzo\/wp-content\/uploads\/2018\/09\/1-9-500x167.jpg 500w, https:\/\/www.palazzomoveis.com.br\/wp_palazzo\/wp-content\/uploads\/2018\/09\/1-9-150x50.jpg 150w\" sizes=\"(max-width: 1138px) 100vw, 1138px\" \/><\/div>\n<div id='slider_759_slide02' class='sa_hover_container' style='padding:0% 0%; margin:0px 0%; min-height:50px; '><img decoding=\"async\" src=\"http:\/\/www.palazzomoveis.com.br\/wp_palazzo\/wp-content\/uploads\/2018\/09\/2-8.jpg\" alt=\"\" width=\"1138\" height=\"380\" class=\"alignnone size-full wp-image-763\" srcset=\"https:\/\/www.palazzomoveis.com.br\/wp_palazzo\/wp-content\/uploads\/2018\/09\/2-8.jpg 1138w, https:\/\/www.palazzomoveis.com.br\/wp_palazzo\/wp-content\/uploads\/2018\/09\/2-8-300x100.jpg 300w, https:\/\/www.palazzomoveis.com.br\/wp_palazzo\/wp-content\/uploads\/2018\/09\/2-8-768x256.jpg 768w, https:\/\/www.palazzomoveis.com.br\/wp_palazzo\/wp-content\/uploads\/2018\/09\/2-8-1024x342.jpg 1024w, https:\/\/www.palazzomoveis.com.br\/wp_palazzo\/wp-content\/uploads\/2018\/09\/2-8-500x167.jpg 500w, https:\/\/www.palazzomoveis.com.br\/wp_palazzo\/wp-content\/uploads\/2018\/09\/2-8-150x50.jpg 150w\" sizes=\"(max-width: 1138px) 100vw, 1138px\" \/><\/div>\n<div id='slider_759_slide03' class='sa_hover_container' style='padding:0% 0%; margin:0px 0%; min-height:50px; '><img decoding=\"async\" src=\"http:\/\/www.palazzomoveis.com.br\/wp_palazzo\/wp-content\/uploads\/2018\/09\/3-7.jpg\" alt=\"\" width=\"1138\" height=\"380\" class=\"alignnone size-full wp-image-764\" srcset=\"https:\/\/www.palazzomoveis.com.br\/wp_palazzo\/wp-content\/uploads\/2018\/09\/3-7.jpg 1138w, https:\/\/www.palazzomoveis.com.br\/wp_palazzo\/wp-content\/uploads\/2018\/09\/3-7-300x100.jpg 300w, https:\/\/www.palazzomoveis.com.br\/wp_palazzo\/wp-content\/uploads\/2018\/09\/3-7-768x256.jpg 768w, https:\/\/www.palazzomoveis.com.br\/wp_palazzo\/wp-content\/uploads\/2018\/09\/3-7-1024x342.jpg 1024w, https:\/\/www.palazzomoveis.com.br\/wp_palazzo\/wp-content\/uploads\/2018\/09\/3-7-500x167.jpg 500w, https:\/\/www.palazzomoveis.com.br\/wp_palazzo\/wp-content\/uploads\/2018\/09\/3-7-150x50.jpg 150w\" sizes=\"(max-width: 1138px) 100vw, 1138px\" \/><\/div>\n<div id='slider_759_slide04' class='sa_hover_container' style='padding:0% 0%; margin:0px 0%; min-height:50px; '><img loading=\"lazy\" decoding=\"async\" src=\"http:\/\/www.palazzomoveis.com.br\/wp_palazzo\/wp-content\/uploads\/2018\/09\/4-5.jpg\" alt=\"\" width=\"1138\" height=\"380\" class=\"alignnone size-full wp-image-765\" srcset=\"https:\/\/www.palazzomoveis.com.br\/wp_palazzo\/wp-content\/uploads\/2018\/09\/4-5.jpg 1138w, https:\/\/www.palazzomoveis.com.br\/wp_palazzo\/wp-content\/uploads\/2018\/09\/4-5-300x100.jpg 300w, https:\/\/www.palazzomoveis.com.br\/wp_palazzo\/wp-content\/uploads\/2018\/09\/4-5-768x256.jpg 768w, https:\/\/www.palazzomoveis.com.br\/wp_palazzo\/wp-content\/uploads\/2018\/09\/4-5-1024x342.jpg 1024w, https:\/\/www.palazzomoveis.com.br\/wp_palazzo\/wp-content\/uploads\/2018\/09\/4-5-500x167.jpg 500w, https:\/\/www.palazzomoveis.com.br\/wp_palazzo\/wp-content\/uploads\/2018\/09\/4-5-150x50.jpg 150w\" sizes=\"(max-width: 1138px) 100vw, 1138px\" \/><\/div>\n<div id='slider_759_slide05' class='sa_hover_container' style='padding:0% 0%; margin:0px 0%; min-height:50px; '><img loading=\"lazy\" decoding=\"async\" src=\"http:\/\/www.palazzomoveis.com.br\/wp_palazzo\/wp-content\/uploads\/2018\/09\/5-4.jpg\" alt=\"\" width=\"1138\" height=\"380\" class=\"alignnone size-full wp-image-766\" srcset=\"https:\/\/www.palazzomoveis.com.br\/wp_palazzo\/wp-content\/uploads\/2018\/09\/5-4.jpg 1138w, https:\/\/www.palazzomoveis.com.br\/wp_palazzo\/wp-content\/uploads\/2018\/09\/5-4-300x100.jpg 300w, https:\/\/www.palazzomoveis.com.br\/wp_palazzo\/wp-content\/uploads\/2018\/09\/5-4-768x256.jpg 768w, https:\/\/www.palazzomoveis.com.br\/wp_palazzo\/wp-content\/uploads\/2018\/09\/5-4-1024x342.jpg 1024w, https:\/\/www.palazzomoveis.com.br\/wp_palazzo\/wp-content\/uploads\/2018\/09\/5-4-500x167.jpg 500w, https:\/\/www.palazzomoveis.com.br\/wp_palazzo\/wp-content\/uploads\/2018\/09\/5-4-150x50.jpg 150w\" sizes=\"(max-width: 1138px) 100vw, 1138px\" \/><\/div>\n<\/div>\n<\/div>\n<script type='text\/javascript'>\n\tjQuery(document).ready(function() {\n\t\tjQuery('#slider_759').owlCarousel({\n\t\t\titems : 1,\n\t\t\tsmartSpeed : 200,\n\t\t\tautoplay : true,\n\t\t\tautoplayTimeout : 5000,\n\t\t\tautoplayHoverPause : true,\n\t\t\tsmartSpeed : 200,\n\t\t\tfluidSpeed : 200,\n\t\t\tautoplaySpeed : 200,\n\t\t\tnavSpeed : 200,\n\t\t\tdotsSpeed : 200,\n\t\t\tloop : true,\n\t\t\tnav : true,\n\t\t\tnavText : ['Previous','Next'],\n\t\t\tdots : true,\n\t\t\tresponsiveRefreshRate : 200,\n\t\t\tslideBy : 1,\n\t\t\tmergeFit : true,\n\t\t\tautoHeight : true,\n\t\t\tmouseDrag : true,\n\t\t\ttouchDrag : true\n\t\t});\n\t\tjQuery('#slider_759').css('visibility', 'visible');\n\t\tvar owl_goto = jQuery('#slider_759');\n\t\tjQuery('.slider_759_goto1').click(function(event){\n\t\t\towl_goto.trigger('to.owl.carousel', 0);\n\t\t});\n\t\tjQuery('.slider_759_goto2').click(function(event){\n\t\t\towl_goto.trigger('to.owl.carousel', 1);\n\t\t});\n\t\tjQuery('.slider_759_goto3').click(function(event){\n\t\t\towl_goto.trigger('to.owl.carousel', 2);\n\t\t});\n\t\tjQuery('.slider_759_goto4').click(function(event){\n\t\t\towl_goto.trigger('to.owl.carousel', 3);\n\t\t});\n\t\tjQuery('.slider_759_goto5').click(function(event){\n\t\t\towl_goto.trigger('to.owl.carousel', 4);\n\t\t});\n\t\tvar resize_759 = jQuery('.owl-carousel');\n\t\tresize_759.on('initialized.owl.carousel', function(e) {\n\t\t\tif (typeof(Event) === 'function') {\n\t\t\t\twindow.dispatchEvent(new Event('resize'));\n\t\t\t} else {\n\t\t\t\tvar evt = window.document.createEvent('UIEvents');\n\t\t\t\tevt.initUIEvent('resize', true, false, window, 0);\n\t\t\t\twindow.dispatchEvent(evt);\n\t\t\t}\n\t\t});\n\t});\n<\/script>\n\n<p><a href=\"javascript:void(0)\" id=\"show-gallery\" class=\"btn btn-default btn-galleries\">VER LINHAS<\/a><a href=\"http:\/\/www.palazzomoveis.com.br\/wp_palazzo\/orcamento?produto=Linha Lockers\" id=\"show-gallery\" class=\"btn btn-default btn-galleries pull-right\">SOLICITAR OR\u00c7AMENTO<\/a><\/p>\n<div class=\"gallery-thumbs\">&nbsp;<br \/>\n<div class=\"rl-gallery-container rl-loading\" id=\"rl-gallery-container-1\" data-gallery_id=\"396\"> <div class=\"rl-gallery rl-basicgrid-gallery rl-hover-effect-1 rl-hover-icon-2\" id=\"rl-gallery-1\" data-gallery_no=\"1\"> <div class=\"rl-gallery-item\"><a href=\"https:\/\/www.palazzomoveis.com.br\/wp_palazzo\/wp-content\/uploads\/2018\/09\/ARM\u00c1RIO-6-PORTAS-MADEIRA-COMPLETO.jpg\" title=\"\" data-rl_title=\"\" class=\"rl-gallery-link\" data-rl_caption=\"\" data-rel=\"lightbox-gallery-1\"><img loading=\"lazy\" decoding=\"async\" src=\"https:\/\/www.palazzomoveis.com.br\/wp_palazzo\/wp-content\/uploads\/2018\/09\/ARM\u00c1RIO-6-PORTAS-MADEIRA-COMPLETO-255x300.jpg\" width=\"255\" height=\"300\" alt=\"\" \/><span class=\"rl-gallery-caption\"><span class=\"rl-gallery-item-title\">ARM\u00c1RIO-6-PORTAS-MADEIRA-COMPLETO<\/span><\/span><\/a><\/div><div class=\"rl-gallery-item\"><a href=\"https:\/\/www.palazzomoveis.com.br\/wp_palazzo\/wp-content\/uploads\/2018\/09\/ARM\u00c1RIO-6-PORTAS-INTERCALADAS-MADEIRA-COMPLETO.jpg\" title=\"\" data-rl_title=\"\" class=\"rl-gallery-link\" data-rl_caption=\"\" data-rel=\"lightbox-gallery-1\"><img loading=\"lazy\" decoding=\"async\" src=\"https:\/\/www.palazzomoveis.com.br\/wp_palazzo\/wp-content\/uploads\/2018\/09\/ARM\u00c1RIO-6-PORTAS-INTERCALADAS-MADEIRA-COMPLETO-255x300.jpg\" width=\"255\" height=\"300\" alt=\"\" \/><span class=\"rl-gallery-caption\"><span class=\"rl-gallery-item-title\">ARM\u00c1RIO-6-PORTAS-INTERCALADAS-MADEIRA-COMPLETO<\/span><\/span><\/a><\/div><div class=\"rl-gallery-item\"><a href=\"https:\/\/www.palazzomoveis.com.br\/wp_palazzo\/wp-content\/uploads\/2018\/09\/ARM\u00c1RIO-6-PORTAS-INTERCALADAS-A\u00c7O-PIT\u00c3O-COMPLETO.jpg\" title=\"\" data-rl_title=\"\" class=\"rl-gallery-link\" data-rl_caption=\"\" data-rel=\"lightbox-gallery-1\"><img loading=\"lazy\" decoding=\"async\" src=\"https:\/\/www.palazzomoveis.com.br\/wp_palazzo\/wp-content\/uploads\/2018\/09\/ARM\u00c1RIO-6-PORTAS-INTERCALADAS-A\u00c7O-PIT\u00c3O-COMPLETO-255x300.jpg\" width=\"255\" height=\"300\" alt=\"\" \/><span class=\"rl-gallery-caption\"><span class=\"rl-gallery-item-title\">ARM\u00c1RIO-6-PORTAS-INTERCALADAS-A\u00c7O-PIT\u00c3O-COMPLETO<\/span><\/span><\/a><\/div><div class=\"rl-gallery-item\"><a href=\"https:\/\/www.palazzomoveis.com.br\/wp_palazzo\/wp-content\/uploads\/2018\/09\/ARM\u00c1RIO-6-PORTAS-INTERCALADAS-A\u00c7O-FECHADURA-COMPLETO.jpg\" title=\"\" data-rl_title=\"\" class=\"rl-gallery-link\" data-rl_caption=\"\" data-rel=\"lightbox-gallery-1\"><img loading=\"lazy\" decoding=\"async\" src=\"https:\/\/www.palazzomoveis.com.br\/wp_palazzo\/wp-content\/uploads\/2018\/09\/ARM\u00c1RIO-6-PORTAS-INTERCALADAS-A\u00c7O-FECHADURA-COMPLETO-255x300.jpg\" width=\"255\" height=\"300\" alt=\"\" \/><span class=\"rl-gallery-caption\"><span class=\"rl-gallery-item-title\">ARM\u00c1RIO-6-PORTAS-INTERCALADAS-A\u00c7O-FECHADURA-COMPLETO<\/span><\/span><\/a><\/div><div class=\"rl-gallery-item\"><a href=\"https:\/\/www.palazzomoveis.com.br\/wp_palazzo\/wp-content\/uploads\/2018\/09\/ARM\u00c1RIO-6-PORTAS-A\u00c7O-PIT\u00c3O-COMPLETO.jpg\" title=\"\" data-rl_title=\"\" class=\"rl-gallery-link\" data-rl_caption=\"\" data-rel=\"lightbox-gallery-1\"><img loading=\"lazy\" decoding=\"async\" src=\"https:\/\/www.palazzomoveis.com.br\/wp_palazzo\/wp-content\/uploads\/2018\/09\/ARM\u00c1RIO-6-PORTAS-A\u00c7O-PIT\u00c3O-COMPLETO-255x300.jpg\" width=\"255\" height=\"300\" alt=\"\" \/><span class=\"rl-gallery-caption\"><span class=\"rl-gallery-item-title\">ARM\u00c1RIO-6-PORTAS-A\u00c7O-PIT\u00c3O-COMPLETO<\/span><\/span><\/a><\/div><div class=\"rl-gallery-item\"><a href=\"https:\/\/www.palazzomoveis.com.br\/wp_palazzo\/wp-content\/uploads\/2018\/09\/ARM\u00c1RIO-6-PORTAS-A\u00c7O-FECHADURA-COMPLETO.jpg\" title=\"\" data-rl_title=\"\" class=\"rl-gallery-link\" data-rl_caption=\"\" data-rel=\"lightbox-gallery-1\"><img loading=\"lazy\" decoding=\"async\" src=\"https:\/\/www.palazzomoveis.com.br\/wp_palazzo\/wp-content\/uploads\/2018\/09\/ARM\u00c1RIO-6-PORTAS-A\u00c7O-FECHADURA-COMPLETO-255x300.jpg\" width=\"255\" height=\"300\" alt=\"\" \/><span class=\"rl-gallery-caption\"><span class=\"rl-gallery-item-title\">ARM\u00c1RIO-6-PORTAS-A\u00c7O-FECHADURA-COMPLETO<\/span><\/span><\/a><\/div><div class=\"rl-gallery-item\"><a href=\"https:\/\/www.palazzomoveis.com.br\/wp_palazzo\/wp-content\/uploads\/2018\/09\/ARM\u00c1RIO-5-PORTAS-MADEIRA-COMPLETO.jpg\" title=\"\" data-rl_title=\"\" class=\"rl-gallery-link\" data-rl_caption=\"\" data-rel=\"lightbox-gallery-1\"><img loading=\"lazy\" decoding=\"async\" src=\"https:\/\/www.palazzomoveis.com.br\/wp_palazzo\/wp-content\/uploads\/2018\/09\/ARM\u00c1RIO-5-PORTAS-MADEIRA-COMPLETO-255x300.jpg\" width=\"255\" height=\"300\" alt=\"\" \/><span class=\"rl-gallery-caption\"><span class=\"rl-gallery-item-title\">ARM\u00c1RIO-5-PORTAS-MADEIRA-COMPLETO<\/span><\/span><\/a><\/div><div class=\"rl-gallery-item\"><a href=\"https:\/\/www.palazzomoveis.com.br\/wp_palazzo\/wp-content\/uploads\/2018\/09\/ARM\u00c1RIO-5-PORTAS-A\u00c7O-PIT\u00c3O-COMPLETO.jpg\" title=\"\" data-rl_title=\"\" class=\"rl-gallery-link\" data-rl_caption=\"\" data-rel=\"lightbox-gallery-1\"><img loading=\"lazy\" decoding=\"async\" src=\"https:\/\/www.palazzomoveis.com.br\/wp_palazzo\/wp-content\/uploads\/2018\/09\/ARM\u00c1RIO-5-PORTAS-A\u00c7O-PIT\u00c3O-COMPLETO-255x300.jpg\" width=\"255\" height=\"300\" alt=\"\" \/><span class=\"rl-gallery-caption\"><span class=\"rl-gallery-item-title\">ARM\u00c1RIO-5-PORTAS-A\u00c7O-PIT\u00c3O-COMPLETO<\/span><\/span><\/a><\/div><div class=\"rl-gallery-item\"><a href=\"https:\/\/www.palazzomoveis.com.br\/wp_palazzo\/wp-content\/uploads\/2018\/09\/ARM\u00c1RIO-5-PORTAS-A\u00c7O-FECHADURA-COMPLETO.jpg\" title=\"\" data-rl_title=\"\" class=\"rl-gallery-link\" data-rl_caption=\"\" data-rel=\"lightbox-gallery-1\"><img loading=\"lazy\" decoding=\"async\" src=\"https:\/\/www.palazzomoveis.com.br\/wp_palazzo\/wp-content\/uploads\/2018\/09\/ARM\u00c1RIO-5-PORTAS-A\u00c7O-FECHADURA-COMPLETO-255x300.jpg\" width=\"255\" height=\"300\" alt=\"\" \/><span class=\"rl-gallery-caption\"><span class=\"rl-gallery-item-title\">ARM\u00c1RIO-5-PORTAS-A\u00c7O-FECHADURA-COMPLETO<\/span><\/span><\/a><\/div><div class=\"rl-gallery-item\"><a href=\"https:\/\/www.palazzomoveis.com.br\/wp_palazzo\/wp-content\/uploads\/2018\/09\/ARM\u00c1RIO-4-PORTAS-MADEIRA-COMPLETO.jpg\" title=\"\" data-rl_title=\"\" class=\"rl-gallery-link\" data-rl_caption=\"\" data-rel=\"lightbox-gallery-1\"><img loading=\"lazy\" decoding=\"async\" src=\"https:\/\/www.palazzomoveis.com.br\/wp_palazzo\/wp-content\/uploads\/2018\/09\/ARM\u00c1RIO-4-PORTAS-MADEIRA-COMPLETO-255x300.jpg\" width=\"255\" height=\"300\" alt=\"\" \/><span class=\"rl-gallery-caption\"><span class=\"rl-gallery-item-title\">ARM\u00c1RIO-4-PORTAS-MADEIRA-COMPLETO<\/span><\/span><\/a><\/div><div class=\"rl-gallery-item\"><a href=\"https:\/\/www.palazzomoveis.com.br\/wp_palazzo\/wp-content\/uploads\/2018\/09\/ARM\u00c1RIO-4-PORTAS-INTERCALADAS-MADEIRA-COMPLETO.jpg\" title=\"\" data-rl_title=\"\" class=\"rl-gallery-link\" data-rl_caption=\"\" data-rel=\"lightbox-gallery-1\"><img loading=\"lazy\" decoding=\"async\" src=\"https:\/\/www.palazzomoveis.com.br\/wp_palazzo\/wp-content\/uploads\/2018\/09\/ARM\u00c1RIO-4-PORTAS-INTERCALADAS-MADEIRA-COMPLETO-255x300.jpg\" width=\"255\" height=\"300\" alt=\"\" \/><span class=\"rl-gallery-caption\"><span class=\"rl-gallery-item-title\">ARM\u00c1RIO-4-PORTAS-INTERCALADAS-MADEIRA-COMPLETO<\/span><\/span><\/a><\/div><div class=\"rl-gallery-item\"><a href=\"https:\/\/www.palazzomoveis.com.br\/wp_palazzo\/wp-content\/uploads\/2018\/09\/ARM\u00c1RIO-4-PORTAS-INTERCALADAS-A\u00c7O-PIT\u00c3O-COMPLETO.jpg\" title=\"\" data-rl_title=\"\" class=\"rl-gallery-link\" data-rl_caption=\"\" data-rel=\"lightbox-gallery-1\"><img loading=\"lazy\" decoding=\"async\" src=\"https:\/\/www.palazzomoveis.com.br\/wp_palazzo\/wp-content\/uploads\/2018\/09\/ARM\u00c1RIO-4-PORTAS-INTERCALADAS-A\u00c7O-PIT\u00c3O-COMPLETO-255x300.jpg\" width=\"255\" height=\"300\" alt=\"\" \/><span class=\"rl-gallery-caption\"><span class=\"rl-gallery-item-title\">ARM\u00c1RIO-4-PORTAS-INTERCALADAS-A\u00c7O-PIT\u00c3O-COMPLETO<\/span><\/span><\/a><\/div><div class=\"rl-gallery-item\"><a href=\"https:\/\/www.palazzomoveis.com.br\/wp_palazzo\/wp-content\/uploads\/2018\/09\/ARM\u00c1RIO-4-PORTAS-INTERCALADAS-A\u00c7O-FECHADURA-COMPLETO.jpg\" title=\"\" data-rl_title=\"\" class=\"rl-gallery-link\" data-rl_caption=\"\" data-rel=\"lightbox-gallery-1\"><img loading=\"lazy\" decoding=\"async\" src=\"https:\/\/www.palazzomoveis.com.br\/wp_palazzo\/wp-content\/uploads\/2018\/09\/ARM\u00c1RIO-4-PORTAS-INTERCALADAS-A\u00c7O-FECHADURA-COMPLETO-255x300.jpg\" width=\"255\" height=\"300\" alt=\"\" \/><span class=\"rl-gallery-caption\"><span class=\"rl-gallery-item-title\">ARM\u00c1RIO-4-PORTAS-INTERCALADAS-A\u00c7O-FECHADURA-COMPLETO<\/span><\/span><\/a><\/div><div class=\"rl-gallery-item\"><a href=\"https:\/\/www.palazzomoveis.com.br\/wp_palazzo\/wp-content\/uploads\/2018\/09\/ARM\u00c1RIO-4-PORTAS-A\u00c7O-PIT\u00c3O-COMPLETO.jpg\" title=\"\" data-rl_title=\"\" class=\"rl-gallery-link\" data-rl_caption=\"\" data-rel=\"lightbox-gallery-1\"><img loading=\"lazy\" decoding=\"async\" src=\"https:\/\/www.palazzomoveis.com.br\/wp_palazzo\/wp-content\/uploads\/2018\/09\/ARM\u00c1RIO-4-PORTAS-A\u00c7O-PIT\u00c3O-COMPLETO-255x300.jpg\" width=\"255\" height=\"300\" alt=\"\" \/><span class=\"rl-gallery-caption\"><span class=\"rl-gallery-item-title\">ARM\u00c1RIO-4-PORTAS-A\u00c7O-PIT\u00c3O-COMPLETO<\/span><\/span><\/a><\/div><div class=\"rl-gallery-item\"><a href=\"https:\/\/www.palazzomoveis.com.br\/wp_palazzo\/wp-content\/uploads\/2018\/09\/ARM\u00c1RIO-4-PORTAS-A\u00c7O-FECHADURA-COMPLETO.jpg\" title=\"\" data-rl_title=\"\" class=\"rl-gallery-link\" data-rl_caption=\"\" data-rel=\"lightbox-gallery-1\"><img loading=\"lazy\" decoding=\"async\" src=\"https:\/\/www.palazzomoveis.com.br\/wp_palazzo\/wp-content\/uploads\/2018\/09\/ARM\u00c1RIO-4-PORTAS-A\u00c7O-FECHADURA-COMPLETO-255x300.jpg\" width=\"255\" height=\"300\" alt=\"\" \/><span class=\"rl-gallery-caption\"><span class=\"rl-gallery-item-title\">ARM\u00c1RIO-4-PORTAS-A\u00c7O-FECHADURA-COMPLETO<\/span><\/span><\/a><\/div><div class=\"rl-gallery-item\"><a href=\"https:\/\/www.palazzomoveis.com.br\/wp_palazzo\/wp-content\/uploads\/2018\/09\/ARM\u00c1RIO-3-PORTAS-MADEIRA-COMPLETO.jpg\" title=\"\" data-rl_title=\"\" class=\"rl-gallery-link\" data-rl_caption=\"\" data-rel=\"lightbox-gallery-1\"><img loading=\"lazy\" decoding=\"async\" src=\"https:\/\/www.palazzomoveis.com.br\/wp_palazzo\/wp-content\/uploads\/2018\/09\/ARM\u00c1RIO-3-PORTAS-MADEIRA-COMPLETO-255x300.jpg\" width=\"255\" height=\"300\" alt=\"\" \/><span class=\"rl-gallery-caption\"><span class=\"rl-gallery-item-title\">ARM\u00c1RIO-3-PORTAS-MADEIRA-COMPLETO<\/span><\/span><\/a><\/div><div class=\"rl-gallery-item\"><a href=\"https:\/\/www.palazzomoveis.com.br\/wp_palazzo\/wp-content\/uploads\/2018\/09\/ARM\u00c1RIO-3-PORTAS-A\u00c7O-PIT\u00c3O-COMPLETO.jpg\" title=\"\" data-rl_title=\"\" class=\"rl-gallery-link\" data-rl_caption=\"\" data-rel=\"lightbox-gallery-1\"><img loading=\"lazy\" decoding=\"async\" src=\"https:\/\/www.palazzomoveis.com.br\/wp_palazzo\/wp-content\/uploads\/2018\/09\/ARM\u00c1RIO-3-PORTAS-A\u00c7O-PIT\u00c3O-COMPLETO-255x300.jpg\" width=\"255\" height=\"300\" alt=\"\" \/><span class=\"rl-gallery-caption\"><span class=\"rl-gallery-item-title\">ARM\u00c1RIO-3-PORTAS-A\u00c7O-PIT\u00c3O-COMPLETO<\/span><\/span><\/a><\/div><div class=\"rl-gallery-item\"><a href=\"https:\/\/www.palazzomoveis.com.br\/wp_palazzo\/wp-content\/uploads\/2018\/09\/ARM\u00c1RIO-3-PORTAS-A\u00c7O-FECHADURA-COMPLETO.jpg\" title=\"\" data-rl_title=\"\" class=\"rl-gallery-link\" data-rl_caption=\"\" data-rel=\"lightbox-gallery-1\"><img loading=\"lazy\" decoding=\"async\" src=\"https:\/\/www.palazzomoveis.com.br\/wp_palazzo\/wp-content\/uploads\/2018\/09\/ARM\u00c1RIO-3-PORTAS-A\u00c7O-FECHADURA-COMPLETO-255x300.jpg\" width=\"255\" height=\"300\" alt=\"\" \/><span class=\"rl-gallery-caption\"><span class=\"rl-gallery-item-title\">ARM\u00c1RIO-3-PORTAS-A\u00c7O-FECHADURA-COMPLETO<\/span><\/span><\/a><\/div><div class=\"rl-gallery-item\"><a href=\"https:\/\/www.palazzomoveis.com.br\/wp_palazzo\/wp-content\/uploads\/2018\/09\/ARM\u00c1RIO-2-PORTAS-MADEIRA-COMPLETO.jpg\" title=\"\" data-rl_title=\"\" class=\"rl-gallery-link\" data-rl_caption=\"\" data-rel=\"lightbox-gallery-1\"><img loading=\"lazy\" decoding=\"async\" src=\"https:\/\/www.palazzomoveis.com.br\/wp_palazzo\/wp-content\/uploads\/2018\/09\/ARM\u00c1RIO-2-PORTAS-MADEIRA-COMPLETO-255x300.jpg\" width=\"255\" height=\"300\" alt=\"\" \/><span class=\"rl-gallery-caption\"><span class=\"rl-gallery-item-title\">ARM\u00c1RIO-2-PORTAS-MADEIRA-COMPLETO<\/span><\/span><\/a><\/div><div class=\"rl-gallery-item\"><a href=\"https:\/\/www.palazzomoveis.com.br\/wp_palazzo\/wp-content\/uploads\/2018\/09\/ARM\u00c1RIO-2-PORTAS-A\u00c7O-PIT\u00c3O-COMPLETO.jpg\" title=\"\" data-rl_title=\"\" class=\"rl-gallery-link\" data-rl_caption=\"\" data-rel=\"lightbox-gallery-1\"><img loading=\"lazy\" decoding=\"async\" src=\"https:\/\/www.palazzomoveis.com.br\/wp_palazzo\/wp-content\/uploads\/2018\/09\/ARM\u00c1RIO-2-PORTAS-A\u00c7O-PIT\u00c3O-COMPLETO-255x300.jpg\" width=\"255\" height=\"300\" alt=\"\" \/><span class=\"rl-gallery-caption\"><span class=\"rl-gallery-item-title\">ARM\u00c1RIO-2-PORTAS-A\u00c7O-PIT\u00c3O-COMPLETO<\/span><\/span><\/a><\/div><div class=\"rl-gallery-item\"><a href=\"https:\/\/www.palazzomoveis.com.br\/wp_palazzo\/wp-content\/uploads\/2018\/09\/ARM\u00c1RIO-2-PORTAS-A\u00c7O-FECHADURA-COMPLETO.jpg\" title=\"\" data-rl_title=\"\" class=\"rl-gallery-link\" data-rl_caption=\"\" data-rel=\"lightbox-gallery-1\"><img loading=\"lazy\" decoding=\"async\" src=\"https:\/\/www.palazzomoveis.com.br\/wp_palazzo\/wp-content\/uploads\/2018\/09\/ARM\u00c1RIO-2-PORTAS-A\u00c7O-FECHADURA-COMPLETO-255x300.jpg\" width=\"255\" height=\"300\" alt=\"\" \/><span class=\"rl-gallery-caption\"><span class=\"rl-gallery-item-title\">ARM\u00c1RIO-2-PORTAS-A\u00c7O-FECHADURA-COMPLETO<\/span><\/span><\/a><\/div><div class=\"rl-gallery-item\"><a href=\"https:\/\/www.palazzomoveis.com.br\/wp_palazzo\/wp-content\/uploads\/2018\/09\/ARM\u00c1RIO-1-PORTA-MADEIRA-COMPLETO.jpg\" title=\"\" data-rl_title=\"\" class=\"rl-gallery-link\" data-rl_caption=\"\" data-rel=\"lightbox-gallery-1\"><img loading=\"lazy\" decoding=\"async\" src=\"https:\/\/www.palazzomoveis.com.br\/wp_palazzo\/wp-content\/uploads\/2018\/09\/ARM\u00c1RIO-1-PORTA-MADEIRA-COMPLETO-255x300.jpg\" width=\"255\" height=\"300\" alt=\"\" \/><span class=\"rl-gallery-caption\"><span class=\"rl-gallery-item-title\">ARM\u00c1RIO-1-PORTA-MADEIRA-COMPLETO<\/span><\/span><\/a><\/div><div class=\"rl-gallery-item\"><a href=\"https:\/\/www.palazzomoveis.com.br\/wp_palazzo\/wp-content\/uploads\/2018\/09\/ARM\u00c1RIO-1-PORTA-A\u00c7O-PIT\u00c3O-COMPLETO.jpg\" title=\"\" data-rl_title=\"\" class=\"rl-gallery-link\" data-rl_caption=\"\" data-rel=\"lightbox-gallery-1\"><img loading=\"lazy\" decoding=\"async\" src=\"https:\/\/www.palazzomoveis.com.br\/wp_palazzo\/wp-content\/uploads\/2018\/09\/ARM\u00c1RIO-1-PORTA-A\u00c7O-PIT\u00c3O-COMPLETO-255x300.jpg\" width=\"255\" height=\"300\" alt=\"\" \/><span class=\"rl-gallery-caption\"><span class=\"rl-gallery-item-title\">ARM\u00c1RIO-1-PORTA-A\u00c7O-PIT\u00c3O-COMPLETO<\/span><\/span><\/a><\/div><div class=\"rl-gallery-item\"><a href=\"https:\/\/www.palazzomoveis.com.br\/wp_palazzo\/wp-content\/uploads\/2018\/09\/ARM\u00c1RIO-1-PORTA-A\u00c7O-FECHADURA-COMPLETO.jpg\" title=\"\" data-rl_title=\"\" class=\"rl-gallery-link\" data-rl_caption=\"\" data-rel=\"lightbox-gallery-1\"><img loading=\"lazy\" decoding=\"async\" src=\"https:\/\/www.palazzomoveis.com.br\/wp_palazzo\/wp-content\/uploads\/2018\/09\/ARM\u00c1RIO-1-PORTA-A\u00c7O-FECHADURA-COMPLETO-255x300.jpg\" width=\"255\" height=\"300\" alt=\"\" \/><span class=\"rl-gallery-caption\"><span class=\"rl-gallery-item-title\">ARM\u00c1RIO-1-PORTA-A\u00c7O-FECHADURA-COMPLETO<\/span><\/span><\/a><\/div> <\/div> <\/div>\n<\/div>\n","protected":false},"excerpt":{"rendered":"<p>LINHA PARA ARMAZENAMENTO LOCKERS Arm\u00e1rios de armazenamento com fechadura que podem utilizados em escrit\u00f3rios, escolas e academias. Estrutura em MDP com espessura de 18mm, base tubular em a\u00e7o e portas dispon\u00edveis em a\u00e7o ou MDP. VER LINHASSOLICITAR OR\u00c7AMENTO &nbsp;<\/p>\n","protected":false},"author":1,"featured_media":27,"parent":38,"menu_order":0,"comment_status":"closed","ping_status":"closed","template":"page-produtos.php","meta":{"_acf_changed":false,"footnotes":""},"class_list":["post-393","page","type-page","status-publish","has-post-thumbnail","hentry"],"acf":[],"_links":{"self":[{"href":"https:\/\/www.palazzomoveis.com.br\/wp_palazzo\/wp-json\/wp\/v2\/pages\/393","targetHints":{"allow":["GET"]}}],"collection":[{"href":"https:\/\/www.palazzomoveis.com.br\/wp_palazzo\/wp-json\/wp\/v2\/pages"}],"about":[{"href":"https:\/\/www.palazzomoveis.com.br\/wp_palazzo\/wp-json\/wp\/v2\/types\/page"}],"author":[{"embeddable":true,"href":"https:\/\/www.palazzomoveis.com.br\/wp_palazzo\/wp-json\/wp\/v2\/users\/1"}],"replies":[{"embeddable":true,"href":"https:\/\/www.palazzomoveis.com.br\/wp_palazzo\/wp-json\/wp\/v2\/comments?post=393"}],"version-history":[{"count":7,"href":"https:\/\/www.palazzomoveis.com.br\/wp_palazzo\/wp-json\/wp\/v2\/pages\/393\/revisions"}],"predecessor-version":[{"id":807,"href":"https:\/\/www.palazzomoveis.com.br\/wp_palazzo\/wp-json\/wp\/v2\/pages\/393\/revisions\/807"}],"up":[{"embeddable":true,"href":"https:\/\/www.palazzomoveis.com.br\/wp_palazzo\/wp-json\/wp\/v2\/pages\/38"}],"wp:featuredmedia":[{"embeddable":true,"href":"https:\/\/www.palazzomoveis.com.br\/wp_palazzo\/wp-json\/wp\/v2\/media\/27"}],"wp:attachment":[{"href":"https:\/\/www.palazzomoveis.com.br\/wp_palazzo\/wp-json\/wp\/v2\/media?parent=393"}],"curies":[{"name":"wp","href":"https:\/\/api.w.org\/{rel}","templated":true}]}}