{"id":160,"date":"2018-08-29T16:52:50","date_gmt":"2018-08-29T19:52:50","guid":{"rendered":"http:\/\/127.0.0.1\/SRV\/nef\/palazzomoveis.com.br\/2018\/wordpress\/?page_id=160"},"modified":"2018-10-08T15:37:28","modified_gmt":"2018-10-08T18:37:28","slug":"reuniao","status":"publish","type":"page","link":"https:\/\/www.palazzomoveis.com.br\/wp_palazzo\/moveis\/reuniao\/","title":{"rendered":"Reuni\u00e3o"},"content":{"rendered":"<h2><strong>LINHA PARA REUNI\u00c3O <\/strong><\/h2>\n<p>Mesas dispon\u00edveis em diversas medidas, modelos e formatos que atendem desde a mais simples \u00e0 mais completa sala de reuni\u00e3o.<\/p>\n<p>Tampo em MDP dispon\u00edvel nas espessuras de 18, 25 ou 54mm e p\u00e9s e estrutura em a\u00e7o ou MDP.<\/p>\n<div class='white' style='background:rgba(0,0,0,0); border:solid 0px rgba(0,0,0,0); border-radius:0px; padding:0px 0px 0px 0px;'>\n<div id='slider_730' class='owl-carousel sa_owl_theme owl-pagination-true autohide-arrows' data-slider-id='slider_730' style='visibility:hidden;'>\n<div id='slider_730_slide01' class='sa_hover_container' style='padding:0% 0%; margin:0px 0%; min-height:0px; '><img fetchpriority=\"high\" decoding=\"async\" src=\"http:\/\/www.palazzomoveis.com.br\/wp_palazzo\/wp-content\/uploads\/2018\/09\/1-4.jpg\" alt=\"\" width=\"1138\" height=\"380\" class=\"alignnone size-full wp-image-732\" srcset=\"https:\/\/www.palazzomoveis.com.br\/wp_palazzo\/wp-content\/uploads\/2018\/09\/1-4.jpg 1138w, https:\/\/www.palazzomoveis.com.br\/wp_palazzo\/wp-content\/uploads\/2018\/09\/1-4-300x100.jpg 300w, https:\/\/www.palazzomoveis.com.br\/wp_palazzo\/wp-content\/uploads\/2018\/09\/1-4-768x256.jpg 768w, https:\/\/www.palazzomoveis.com.br\/wp_palazzo\/wp-content\/uploads\/2018\/09\/1-4-1024x342.jpg 1024w, https:\/\/www.palazzomoveis.com.br\/wp_palazzo\/wp-content\/uploads\/2018\/09\/1-4-500x167.jpg 500w, https:\/\/www.palazzomoveis.com.br\/wp_palazzo\/wp-content\/uploads\/2018\/09\/1-4-150x50.jpg 150w\" sizes=\"(max-width: 1138px) 100vw, 1138px\" \/><\/div>\n<div id='slider_730_slide02' class='sa_hover_container' style='padding:0% 0%; margin:0px 0%; min-height:0px; '><img decoding=\"async\" src=\"http:\/\/www.palazzomoveis.com.br\/wp_palazzo\/wp-content\/uploads\/2018\/09\/2-4.jpg\" alt=\"\" width=\"1138\" height=\"380\" class=\"alignnone size-full wp-image-733\" srcset=\"https:\/\/www.palazzomoveis.com.br\/wp_palazzo\/wp-content\/uploads\/2018\/09\/2-4.jpg 1138w, https:\/\/www.palazzomoveis.com.br\/wp_palazzo\/wp-content\/uploads\/2018\/09\/2-4-300x100.jpg 300w, https:\/\/www.palazzomoveis.com.br\/wp_palazzo\/wp-content\/uploads\/2018\/09\/2-4-768x256.jpg 768w, https:\/\/www.palazzomoveis.com.br\/wp_palazzo\/wp-content\/uploads\/2018\/09\/2-4-1024x342.jpg 1024w, https:\/\/www.palazzomoveis.com.br\/wp_palazzo\/wp-content\/uploads\/2018\/09\/2-4-500x167.jpg 500w, https:\/\/www.palazzomoveis.com.br\/wp_palazzo\/wp-content\/uploads\/2018\/09\/2-4-150x50.jpg 150w\" sizes=\"(max-width: 1138px) 100vw, 1138px\" \/><\/div>\n<div id='slider_730_slide03' class='sa_hover_container' style='padding:0% 0%; margin:0px 0%; min-height:0px; '><img decoding=\"async\" src=\"http:\/\/www.palazzomoveis.com.br\/wp_palazzo\/wp-content\/uploads\/2018\/09\/3-4.jpg\" alt=\"\" width=\"1138\" height=\"380\" class=\"alignnone size-full wp-image-734\" srcset=\"https:\/\/www.palazzomoveis.com.br\/wp_palazzo\/wp-content\/uploads\/2018\/09\/3-4.jpg 1138w, https:\/\/www.palazzomoveis.com.br\/wp_palazzo\/wp-content\/uploads\/2018\/09\/3-4-300x100.jpg 300w, https:\/\/www.palazzomoveis.com.br\/wp_palazzo\/wp-content\/uploads\/2018\/09\/3-4-768x256.jpg 768w, https:\/\/www.palazzomoveis.com.br\/wp_palazzo\/wp-content\/uploads\/2018\/09\/3-4-1024x342.jpg 1024w, https:\/\/www.palazzomoveis.com.br\/wp_palazzo\/wp-content\/uploads\/2018\/09\/3-4-500x167.jpg 500w, https:\/\/www.palazzomoveis.com.br\/wp_palazzo\/wp-content\/uploads\/2018\/09\/3-4-150x50.jpg 150w\" sizes=\"(max-width: 1138px) 100vw, 1138px\" \/><\/div>\n<\/div>\n<\/div>\n<script type='text\/javascript'>\n\tjQuery(document).ready(function() {\n\t\tjQuery('#slider_730').owlCarousel({\n\t\t\titems : 1,\n\t\t\tsmartSpeed : 200,\n\t\t\tautoplay : true,\n\t\t\tautoplayTimeout : 5000,\n\t\t\tautoplayHoverPause : true,\n\t\t\tsmartSpeed : 200,\n\t\t\tfluidSpeed : 200,\n\t\t\tautoplaySpeed : 200,\n\t\t\tnavSpeed : 200,\n\t\t\tdotsSpeed : 200,\n\t\t\tloop : true,\n\t\t\tnav : true,\n\t\t\tnavText : ['Previous','Next'],\n\t\t\tdots : true,\n\t\t\tresponsiveRefreshRate : 200,\n\t\t\tslideBy : 1,\n\t\t\tmergeFit : true,\n\t\t\tautoHeight : true,\n\t\t\tmouseDrag : true,\n\t\t\ttouchDrag : true\n\t\t});\n\t\tjQuery('#slider_730').css('visibility', 'visible');\n\t\tvar owl_goto = jQuery('#slider_730');\n\t\tjQuery('.slider_730_goto1').click(function(event){\n\t\t\towl_goto.trigger('to.owl.carousel', 0);\n\t\t});\n\t\tjQuery('.slider_730_goto2').click(function(event){\n\t\t\towl_goto.trigger('to.owl.carousel', 1);\n\t\t});\n\t\tjQuery('.slider_730_goto3').click(function(event){\n\t\t\towl_goto.trigger('to.owl.carousel', 2);\n\t\t});\n\t\tvar resize_730 = jQuery('.owl-carousel');\n\t\tresize_730.on('initialized.owl.carousel', function(e) {\n\t\t\tif (typeof(Event) === 'function') {\n\t\t\t\twindow.dispatchEvent(new Event('resize'));\n\t\t\t} else {\n\t\t\t\tvar evt = window.document.createEvent('UIEvents');\n\t\t\t\tevt.initUIEvent('resize', true, false, window, 0);\n\t\t\t\twindow.dispatchEvent(evt);\n\t\t\t}\n\t\t});\n\t});\n<\/script>\n\n<p><a href=\"javascript:void(0)\" id=\"show-gallery\" class=\"btn btn-default btn-galleries\">VER LINHAS<\/a><a href=\"http:\/\/www.palazzomoveis.com.br\/wp_palazzo\/orcamento?produto=Linha Reuni\u00e3o\" id=\"show-gallery\" class=\"btn btn-default btn-galleries pull-right\">SOLICITAR OR\u00c7AMENTO<\/a><\/p>\n<div class=\"gallery-thumbs\">&nbsp;<\/p>\n<div class=\"rl-gallery-container rl-loading\" id=\"rl-gallery-container-1\" data-gallery_id=\"162\"> <div class=\"rl-gallery rl-basicgrid-gallery rl-hover-effect-1 rl-hover-icon-2\" id=\"rl-gallery-1\" data-gallery_no=\"1\"> <div class=\"rl-gallery-item\"><a href=\"https:\/\/www.palazzomoveis.com.br\/wp_palazzo\/wp-content\/uploads\/2018\/08\/APOLLO-MESA-REUNIAO-OVAL.jpg\" title=\"\" data-rl_title=\"\" class=\"rl-gallery-link\" data-rl_caption=\"\" data-rel=\"lightbox-gallery-1\"><img loading=\"lazy\" decoding=\"async\" src=\"https:\/\/www.palazzomoveis.com.br\/wp_palazzo\/wp-content\/uploads\/2018\/08\/APOLLO-MESA-REUNIAO-OVAL-300x169.jpg\" width=\"300\" height=\"169\" alt=\"\" \/><span class=\"rl-gallery-caption\"><span class=\"rl-gallery-item-title\">APOLLO-MESA-REUNIAO-OVAL<\/span><\/span><\/a><\/div><div class=\"rl-gallery-item\"><a href=\"https:\/\/www.palazzomoveis.com.br\/wp_palazzo\/wp-content\/uploads\/2018\/08\/APOLLO-MESA-REUNIAO-REDONDA.jpg\" title=\"\" data-rl_title=\"\" class=\"rl-gallery-link\" data-rl_caption=\"\" data-rel=\"lightbox-gallery-1\"><img loading=\"lazy\" decoding=\"async\" src=\"https:\/\/www.palazzomoveis.com.br\/wp_palazzo\/wp-content\/uploads\/2018\/08\/APOLLO-MESA-REUNIAO-REDONDA-300x169.jpg\" width=\"300\" height=\"169\" alt=\"\" \/><span class=\"rl-gallery-caption\"><span class=\"rl-gallery-item-title\">APOLLO-MESA-REUNIAO-REDONDA<\/span><\/span><\/a><\/div><div class=\"rl-gallery-item\"><a href=\"https:\/\/www.palazzomoveis.com.br\/wp_palazzo\/wp-content\/uploads\/2018\/08\/APOLLO-MESA-REUNIAO-RETANGULAR.jpg\" title=\"\" data-rl_title=\"\" class=\"rl-gallery-link\" data-rl_caption=\"\" data-rel=\"lightbox-gallery-1\"><img loading=\"lazy\" decoding=\"async\" src=\"https:\/\/www.palazzomoveis.com.br\/wp_palazzo\/wp-content\/uploads\/2018\/08\/APOLLO-MESA-REUNIAO-RETANGULAR-300x169.jpg\" width=\"300\" height=\"169\" alt=\"\" \/><span class=\"rl-gallery-caption\"><span class=\"rl-gallery-item-title\">APOLLO-MESA-REUNIAO-RETANGULAR<\/span><\/span><\/a><\/div><div class=\"rl-gallery-item\"><a href=\"https:\/\/www.palazzomoveis.com.br\/wp_palazzo\/wp-content\/uploads\/2018\/08\/APOLLO-MESA-REUNIAO-SEMI-OVAL.jpg\" title=\"\" data-rl_title=\"\" class=\"rl-gallery-link\" data-rl_caption=\"\" data-rel=\"lightbox-gallery-1\"><img loading=\"lazy\" decoding=\"async\" src=\"https:\/\/www.palazzomoveis.com.br\/wp_palazzo\/wp-content\/uploads\/2018\/08\/APOLLO-MESA-REUNIAO-SEMI-OVAL-300x169.jpg\" width=\"300\" height=\"169\" alt=\"\" \/><span class=\"rl-gallery-caption\"><span class=\"rl-gallery-item-title\">APOLLO-MESA-REUNIAO-SEMI-OVAL<\/span><\/span><\/a><\/div><div class=\"rl-gallery-item\"><a href=\"https:\/\/www.palazzomoveis.com.br\/wp_palazzo\/wp-content\/uploads\/2018\/08\/ATENAS-MESA-REUNIAO-OVAL.jpg\" title=\"\" data-rl_title=\"\" class=\"rl-gallery-link\" data-rl_caption=\"\" data-rel=\"lightbox-gallery-1\"><img loading=\"lazy\" decoding=\"async\" src=\"https:\/\/www.palazzomoveis.com.br\/wp_palazzo\/wp-content\/uploads\/2018\/08\/ATENAS-MESA-REUNIAO-OVAL-300x169.jpg\" width=\"300\" height=\"169\" alt=\"\" \/><span class=\"rl-gallery-caption\"><span class=\"rl-gallery-item-title\">ATENAS-MESA-REUNIAO-OVAL<\/span><\/span><\/a><\/div><div class=\"rl-gallery-item\"><a href=\"https:\/\/www.palazzomoveis.com.br\/wp_palazzo\/wp-content\/uploads\/2018\/08\/ATENAS-MESA-REUNIAO-REDONDA.jpg\" title=\"\" data-rl_title=\"\" class=\"rl-gallery-link\" data-rl_caption=\"\" data-rel=\"lightbox-gallery-1\"><img loading=\"lazy\" decoding=\"async\" src=\"https:\/\/www.palazzomoveis.com.br\/wp_palazzo\/wp-content\/uploads\/2018\/08\/ATENAS-MESA-REUNIAO-REDONDA-300x169.jpg\" width=\"300\" height=\"169\" alt=\"\" \/><span class=\"rl-gallery-caption\"><span class=\"rl-gallery-item-title\">ATENAS-MESA-REUNIAO-REDONDA<\/span><\/span><\/a><\/div><div class=\"rl-gallery-item\"><a href=\"https:\/\/www.palazzomoveis.com.br\/wp_palazzo\/wp-content\/uploads\/2018\/08\/ATENAS-MESA-REUNIAO-RETANGULAR.jpg\" title=\"\" data-rl_title=\"\" class=\"rl-gallery-link\" data-rl_caption=\"\" data-rel=\"lightbox-gallery-1\"><img loading=\"lazy\" decoding=\"async\" src=\"https:\/\/www.palazzomoveis.com.br\/wp_palazzo\/wp-content\/uploads\/2018\/08\/ATENAS-MESA-REUNIAO-RETANGULAR-300x169.jpg\" width=\"300\" height=\"169\" alt=\"\" \/><span class=\"rl-gallery-caption\"><span class=\"rl-gallery-item-title\">ATENAS-MESA-REUNIAO-RETANGULAR<\/span><\/span><\/a><\/div><div class=\"rl-gallery-item\"><a href=\"https:\/\/www.palazzomoveis.com.br\/wp_palazzo\/wp-content\/uploads\/2018\/08\/ATENAS-MESA-REUNIAO-SEMI-OVAL.jpg\" title=\"\" data-rl_title=\"\" class=\"rl-gallery-link\" data-rl_caption=\"\" data-rel=\"lightbox-gallery-1\"><img loading=\"lazy\" decoding=\"async\" src=\"https:\/\/www.palazzomoveis.com.br\/wp_palazzo\/wp-content\/uploads\/2018\/08\/ATENAS-MESA-REUNIAO-SEMI-OVAL-300x169.jpg\" width=\"300\" height=\"169\" alt=\"\" \/><span class=\"rl-gallery-caption\"><span class=\"rl-gallery-item-title\">ATENAS-MESA-REUNIAO-SEMI-OVAL<\/span><\/span><\/a><\/div><div class=\"rl-gallery-item\"><a href=\"https:\/\/www.palazzomoveis.com.br\/wp_palazzo\/wp-content\/uploads\/2018\/08\/CEO-MESA-REUNIAO-QUADRADA.jpg\" title=\"\" data-rl_title=\"\" class=\"rl-gallery-link\" data-rl_caption=\"\" data-rel=\"lightbox-gallery-1\"><img loading=\"lazy\" decoding=\"async\" src=\"https:\/\/www.palazzomoveis.com.br\/wp_palazzo\/wp-content\/uploads\/2018\/08\/CEO-MESA-REUNIAO-QUADRADA-300x169.jpg\" width=\"300\" height=\"169\" alt=\"\" \/><span class=\"rl-gallery-caption\"><span class=\"rl-gallery-item-title\">CEO-MESA-REUNIAO-QUADRADA<\/span><\/span><\/a><\/div><div class=\"rl-gallery-item\"><a href=\"https:\/\/www.palazzomoveis.com.br\/wp_palazzo\/wp-content\/uploads\/2018\/08\/CEO-MESA-REUNIAO-RETANGULAR.jpg\" title=\"\" data-rl_title=\"\" class=\"rl-gallery-link\" data-rl_caption=\"\" data-rel=\"lightbox-gallery-1\"><img loading=\"lazy\" decoding=\"async\" src=\"https:\/\/www.palazzomoveis.com.br\/wp_palazzo\/wp-content\/uploads\/2018\/08\/CEO-MESA-REUNIAO-RETANGULAR-300x169.jpg\" width=\"300\" height=\"169\" alt=\"\" \/><span class=\"rl-gallery-caption\"><span class=\"rl-gallery-item-title\">CEO-MESA-REUNIAO-RETANGULAR<\/span><\/span><\/a><\/div> <\/div> <\/div>\n<\/div>\n","protected":false},"excerpt":{"rendered":"<p>LINHA PARA REUNI\u00c3O Mesas dispon\u00edveis em diversas medidas, modelos e formatos que atendem desde a mais simples \u00e0 mais completa sala de reuni\u00e3o. Tampo em MDP dispon\u00edvel nas espessuras de 18, 25 ou 54mm e p\u00e9s e estrutura em a\u00e7o ou MDP. VER LINHASSOLICITAR OR\u00c7AMENTO &nbsp;<\/p>\n","protected":false},"author":1,"featured_media":27,"parent":38,"menu_order":0,"comment_status":"closed","ping_status":"closed","template":"page-produtos.php","meta":{"_acf_changed":false,"footnotes":""},"class_list":["post-160","page","type-page","status-publish","has-post-thumbnail","hentry"],"acf":[],"_links":{"self":[{"href":"https:\/\/www.palazzomoveis.com.br\/wp_palazzo\/wp-json\/wp\/v2\/pages\/160","targetHints":{"allow":["GET"]}}],"collection":[{"href":"https:\/\/www.palazzomoveis.com.br\/wp_palazzo\/wp-json\/wp\/v2\/pages"}],"about":[{"href":"https:\/\/www.palazzomoveis.com.br\/wp_palazzo\/wp-json\/wp\/v2\/types\/page"}],"author":[{"embeddable":true,"href":"https:\/\/www.palazzomoveis.com.br\/wp_palazzo\/wp-json\/wp\/v2\/users\/1"}],"replies":[{"embeddable":true,"href":"https:\/\/www.palazzomoveis.com.br\/wp_palazzo\/wp-json\/wp\/v2\/comments?post=160"}],"version-history":[{"count":8,"href":"https:\/\/www.palazzomoveis.com.br\/wp_palazzo\/wp-json\/wp\/v2\/pages\/160\/revisions"}],"predecessor-version":[{"id":810,"href":"https:\/\/www.palazzomoveis.com.br\/wp_palazzo\/wp-json\/wp\/v2\/pages\/160\/revisions\/810"}],"up":[{"embeddable":true,"href":"https:\/\/www.palazzomoveis.com.br\/wp_palazzo\/wp-json\/wp\/v2\/pages\/38"}],"wp:featuredmedia":[{"embeddable":true,"href":"https:\/\/www.palazzomoveis.com.br\/wp_palazzo\/wp-json\/wp\/v2\/media\/27"}],"wp:attachment":[{"href":"https:\/\/www.palazzomoveis.com.br\/wp_palazzo\/wp-json\/wp\/v2\/media?parent=160"}],"curies":[{"name":"wp","href":"https:\/\/api.w.org\/{rel}","templated":true}]}}